{"id":390,"date":"2023-09-30T10:02:42","date_gmt":"2023-09-30T10:02:42","guid":{"rendered":"https:\/\/www.zahata.ro\/?post_type=product&#038;p=390"},"modified":"2025-10-19T14:03:09","modified_gmt":"2025-10-19T14:03:09","slug":"neptun-semineu-electric-cu-incalzire","status":"publish","type":"product","link":"https:\/\/www.zahata.ro\/en\/product\/neptun-semineu-electric-cu-incalzire\/","title":{"rendered":"NEPTUN, classic electric fireplace with heating, 2000 MM, perfect for interior decoration"},"content":{"rendered":"<h4 dir=\"auto\">Design Clasic<\/h4>\n<p>Semineu electric decorativ cu incalzire NEPTUN, prin designul s\u0103u electric ecologic elimin\u0103 nevoia de lemne sau co\u0219uri de fum, oferind o c\u0103ldur\u0103 curat\u0103 \u0219i sustenabil\u0103. Cu o flac\u0103ra ce radiaz\u0103 o lumina bl\u00e2nd\u0103, \u00eenv\u0103luitoare, acest \u0219emineu electric \u00ee\u0219i transcende func\u021bia &#8211; devine o pies\u0103 central\u0103 luminoas\u0103, o combina\u021bie armonioas\u0103 de inova\u021bie de ultim\u0103 genera\u021bie \u0219i frumuse\u021be atemporal\u0103, invit\u00e2ndu-v\u0103 s\u0103 z\u0103bovi\u021bi, s\u0103 v\u0103 relaxa\u021bi \u0219i s\u0103 v\u0103 pierde\u021bi \u00een str\u0103lucirea sa captivant\u0103.<\/p>\n<p>&nbsp;<\/p>\n<p><img fetchpriority=\"high\" decoding=\"async\" class=\"wp-image-392 size-medium aligncenter\" src=\"https:\/\/www.zahata.ro\/wp-content\/uploads\/2023\/09\/Screenshot-2023-09-30-at-10.33.02-300x295.png\" alt=\"semineu electric renascentist cu incalzire NEPTUN\" width=\"300\" height=\"295\" title=\"\" srcset=\"https:\/\/www.zahata.ro\/wp-content\/uploads\/2023\/09\/Screenshot-2023-09-30-at-10.33.02-300x295.png 300w, https:\/\/www.zahata.ro\/wp-content\/uploads\/2023\/09\/Screenshot-2023-09-30-at-10.33.02-768x755.png 768w, https:\/\/www.zahata.ro\/wp-content\/uploads\/2023\/09\/Screenshot-2023-09-30-at-10.33.02-12x12.png 12w, https:\/\/www.zahata.ro\/wp-content\/uploads\/2023\/09\/Screenshot-2023-09-30-at-10.33.02-600x589.png 600w, https:\/\/www.zahata.ro\/wp-content\/uploads\/2023\/09\/Screenshot-2023-09-30-at-10.33.02.png 798w\" sizes=\"(max-width: 300px) 100vw, 300px\" \/><\/p>\n<h4 dir=\"auto\">Durability, Resistance and Functionality<\/h4>\n<p>Semineu electric circular \u00eencorporabil in focarul semineului; Controlul flac\u0103rii, in intensitate, se realizeaz\u0103 prin telecomand\u0103 inclus\u0103 in pachet, 4 trepte de intensitate, si 1 culoare pentru flacar\u0103; Se preteaz\u0103 instal\u0103rilor interioare, folosit ca element decorativ; Nu face fum, ofer\u0103 un efect de flac\u0103r\u0103 c\u00e2t mai natural, are un consum de energie foarte scazut, si necesita alimentare la priza de curent electric; Ideal pentru locuin\u021ba dumneavoastr\u0103 sau case de vacan\u021b\u0103;<\/p>\n<div style=\"width: 940px;\" class=\"wp-video\"><video class=\"wp-video-shortcode\" id=\"video-390-1\" width=\"940\" height=\"788\" preload=\"metadata\" controls=\"controls\"><source type=\"video\/mp4\" src=\"https:\/\/www.zahata.ro\/wp-content\/uploads\/2023\/09\/NEPTUN-940-x-788-facebook-post.mp4?_=1\" \/><a href=\"https:\/\/www.zahata.ro\/wp-content\/uploads\/2023\/09\/NEPTUN-940-x-788-facebook-post.mp4\">https:\/\/www.zahata.ro\/wp-content\/uploads\/2023\/09\/NEPTUN-940-x-788-facebook-post.mp4<\/a><\/video><\/div>\n<p>View the full range of wood-burning fireplaces at this <a href=\"https:\/\/www.zahata.ro\/en\/product-category\/semineu-pe-lemne\/\">link<\/a>;<\/p>\n<p>For similar products you can also find us at this <a href=\"https:\/\/roterma.ro\/\" target=\"_blank\" rel=\"noopener\">link<\/a>;<\/p>\n<p>&nbsp;<\/p>","protected":false},"excerpt":{"rendered":"<h4>Semineu electric circular NEPTUN:<\/h4>\n<ul>\n<li>Incorporabil cu masca semineu;<\/li>\n<li>No smoke;<\/li>\n<li>Funtie de incalzire<\/li>\n<li>It imitates the natural flame as faithfully as possible;<\/li>\n<li>It is controlled by remote control or control panel;<\/li>\n<li>4 intensity levels;<\/li>\n<li>1 color for the flame;<\/li>\n<\/ul>","protected":false},"featured_media":392,"comment_status":"open","ping_status":"closed","template":"","meta":[],"product_brand":[],"product_cat":[28],"product_tag":[92],"class_list":{"0":"post-390","1":"product","2":"type-product","3":"status-publish","4":"has-post-thumbnail","6":"product_cat-semineu-clasic","7":"product_tag-semineu-clasic","8":"it-has-gallery","10":"first","11":"instock","12":"sale","13":"featured","14":"shipping-taxable","15":"purchasable","16":"product-type-variable"},"_links":{"self":[{"href":"https:\/\/www.zahata.ro\/en\/wp-json\/wp\/v2\/product\/390","targetHints":{"allow":["GET"]}}],"collection":[{"href":"https:\/\/www.zahata.ro\/en\/wp-json\/wp\/v2\/product"}],"about":[{"href":"https:\/\/www.zahata.ro\/en\/wp-json\/wp\/v2\/types\/product"}],"replies":[{"embeddable":true,"href":"https:\/\/www.zahata.ro\/en\/wp-json\/wp\/v2\/comments?post=390"}],"wp:featuredmedia":[{"embeddable":true,"href":"https:\/\/www.zahata.ro\/en\/wp-json\/wp\/v2\/media\/392"}],"wp:attachment":[{"href":"https:\/\/www.zahata.ro\/en\/wp-json\/wp\/v2\/media?parent=390"}],"wp:term":[{"taxonomy":"product_brand","embeddable":true,"href":"https:\/\/www.zahata.ro\/en\/wp-json\/wp\/v2\/product_brand?post=390"},{"taxonomy":"product_cat","embeddable":true,"href":"https:\/\/www.zahata.ro\/en\/wp-json\/wp\/v2\/product_cat?post=390"},{"taxonomy":"product_tag","embeddable":true,"href":"https:\/\/www.zahata.ro\/en\/wp-json\/wp\/v2\/product_tag?post=390"}],"curies":[{"name":"wp","href":"https:\/\/api.w.org\/{rel}","templated":true}]}}