{"id":2174,"date":"2025-09-14T21:32:25","date_gmt":"2025-09-14T21:32:25","guid":{"rendered":"https:\/\/www.zahata.ro\/?post_type=product&#038;p=2174"},"modified":"2025-09-27T14:56:31","modified_gmt":"2025-09-27T14:56:31","slug":"strato-compact","status":"publish","type":"product","link":"https:\/\/www.zahata.ro\/en\/product\/strato-compact\/","title":{"rendered":"STRATO Compact, wood-burning fireplace, 4 finishes, perfect for interior decoration"},"content":{"rendered":"<h4 style=\"text-align: center;\"><span class=\"HwtZe\" lang=\"ro\"><span class=\"jCAhz ChMk0b\"><span class=\"ryNqvb\">STRATO Compact<\/span><\/span><\/span><\/h4>\n<p style=\"text-align: center;\"><span class=\"HwtZe\" lang=\"ro\"><span class=\"jCAhz ChMk0b\"><span class=\"ryNqvb\">Since 2013, we have been revolutionizing the pleasure of a wood fire with innovative creations made entirely in France.<\/span><\/span><\/span><\/p>\n<p style=\"text-align: center;\"><span class=\"HwtZe\" lang=\"ro\"><span class=\"jCAhz ChMk0b\"><span class=\"ryNqvb\">Imagineaz\u0103-\u021bi c\u0103 \u0219emineul t\u0103u devine inima casei tale, capt\u00e2nd aten\u021bia oaspe\u021bilor datorit\u0103 luminii calde pe care o difuzeaz\u0103 \u00een \u00eentreaga sufragerie.\u00a0<\/span><\/span><span class=\"jCAhz ChMk0b\"><span class=\"ryNqvb\">Prea des, sobele pe lemne arat\u0103 la fel, fiind concepute \u00een principal pentru func\u021bia lor de \u00eenc\u0103lzire, \u00een detrimentul designului \u0219i al experien\u021bei utilizatorului.<\/span><\/span> <span class=\"jCAhz ChMk0b\"><span class=\"ryNqvb\">Am vrut s\u0103 mergem mai departe, s\u0103 proiect\u0103m o sob\u0103 care nu doar \u00eenc\u0103lze\u0219te, ci \u00eembun\u0103t\u0103\u021be\u0219te spa\u021biul, devine un element decorativ \u00een sine \u0219i ofer\u0103 o experien\u021b\u0103 de foc reinventat\u0103.<\/span><\/span> <\/span><\/p>\n<p>&nbsp;<\/p>\n<p style=\"text-align: center;\"><span class=\"HwtZe\" lang=\"ro\"><span class=\"jCAhz ChMk0b\"><span class=\"ryNqvb\">A\u0219a s-a n\u0103scut Strato Compact.<\/span><\/span> <span class=\"jCAhz ChMk0b\"><span class=\"ryNqvb\">Mai mult dec\u00e2t un simplu aparat de \u00eenc\u0103lzire, se prezint\u0103 ca o oper\u0103 sculptural\u0103, juc\u00e2ndu-se cu lumina \u0219i texturile pentru a pune \u00een valoare materialul.<\/span><\/span> <span class=\"jCAhz ChMk0b\"><span class=\"ryNqvb\">Designul s\u0103u, inspirat de arhitectur\u0103 \u0219i straturile naturale, creeaz\u0103 un joc de umbre \u0219i reliefuri care \u00eei confer\u0103 o prezen\u021b\u0103 unic\u0103 \u00een spa\u021biu.<\/span><\/span> <span class=\"jCAhz ChMk0b\"><span class=\"ryNqvb\">Fabricat\u0103 \u00een Fran\u021ba, aceasta \u00eentruchipeaz\u0103 angajamentul nostru fa\u021b\u0103 de frumuse\u021be, inova\u021bie \u0219i eficien\u021b\u0103, oferind o ardere eficient\u0103 \u0219i un confort termic excep\u021bional.<\/span><\/span><\/span><\/p>\n<p><img fetchpriority=\"high\" decoding=\"async\" class=\"aligncenter wp-image-2181 size-full\" src=\"https:\/\/www.zahata.ro\/wp-content\/uploads\/2025\/09\/Screenshot-2025-09-14-at-18.00.06-scaled.png\" alt=\"Semineu pe lemne STRATO Compact\" width=\"2560\" height=\"1155\" title=\"\" srcset=\"https:\/\/www.zahata.ro\/wp-content\/uploads\/2025\/09\/Screenshot-2025-09-14-at-18.00.06-scaled.png 2560w, https:\/\/www.zahata.ro\/wp-content\/uploads\/2025\/09\/Screenshot-2025-09-14-at-18.00.06-300x135.png 300w, https:\/\/www.zahata.ro\/wp-content\/uploads\/2025\/09\/Screenshot-2025-09-14-at-18.00.06-1024x462.png 1024w, https:\/\/www.zahata.ro\/wp-content\/uploads\/2025\/09\/Screenshot-2025-09-14-at-18.00.06-768x346.png 768w, https:\/\/www.zahata.ro\/wp-content\/uploads\/2025\/09\/Screenshot-2025-09-14-at-18.00.06-1536x693.png 1536w, https:\/\/www.zahata.ro\/wp-content\/uploads\/2025\/09\/Screenshot-2025-09-14-at-18.00.06-2048x924.png 2048w, https:\/\/www.zahata.ro\/wp-content\/uploads\/2025\/09\/Screenshot-2025-09-14-at-18.00.06-18x8.png 18w, https:\/\/www.zahata.ro\/wp-content\/uploads\/2025\/09\/Screenshot-2025-09-14-at-18.00.06-600x271.png 600w\" sizes=\"(max-width: 2560px) 100vw, 2560px\" \/><\/p>\n<p style=\"text-align: center;\"><span class=\"HwtZe\" lang=\"ro\"><span class=\"jCAhz ChMk0b\"><span class=\"ryNqvb\">Crearea unei sobe pe lemne excep\u021bionale \u00eencepe cu o idee puternic\u0103: transformarea focului \u00eentr-un element central al designului interior.<\/span><\/span> <span class=\"jCAhz ChMk0b\"><span class=\"ryNqvb\">Am c\u0103utat inspira\u021bie \u00een natur\u0103 \u0219i arhitectur\u0103, \u00een aceste forma\u021biuni st\u00e2ncoase modelate de timp, unde fiecare strat spune o poveste.<\/span><\/span> <span class=\"jCAhz ChMk0b\"><span class=\"ryNqvb\">Am vrut s\u0103 surprindem aceast\u0103 profunzime, aceast\u0103 stratificare de materiale \u0219i texturi, printr-un design care se joac\u0103 cu relief \u0219i lumin\u0103.<\/span><\/span> <span class=\"jCAhz ChMk0b\"><span class=\"ryNqvb\">Fiecare linie, fiecare curb\u0103 a fost conceput\u0103 pentru a scoate \u00een eviden\u021b\u0103 flac\u0103ra, oferindu-i o dimensiune aproape sculptural\u0103.<\/span><\/span> <span class=\"jCAhz ChMk0b\"><span class=\"ryNqvb\">Strato s-a n\u0103scut din aceast\u0103 dorin\u021b\u0103 de a uni brutul \u0219i rafinatul, puterea \u0219i delicate\u021bea.<\/span><\/span><\/span><\/p>\n<h4 style=\"text-align: center;\"><span class=\"HwtZe\" lang=\"ro\"><span class=\"jCAhz ChMk0b\"><span class=\"ryNqvb\">Ce finisaj alegi pentru semineul STRATO Compact?<\/span><\/span><\/span><\/h4>\n<p style=\"text-align: center;\"><span class=\"HwtZe\" lang=\"ro\"><span class=\"jCAhz\"><span class=\"ryNqvb\">Designul semineului noastru nu se limiteaz\u0103 la func\u021bionalitatea sa: este o adev\u0103rat\u0103 oper\u0103 sculptural\u0103 care v\u0103 \u00eembog\u0103\u021be\u0219te interiorul.<\/span><\/span> <span class=\"jCAhz ChMk0b\"><span class=\"ryNqvb\">Inspirat\u0103 de arhitectur\u0103 \u0219i de m\u0103iestria materialelor, placarea sa stratificat\u0103 creeaz\u0103 un joc unic de lumin\u0103 \u0219i textur\u0103, care se schimb\u0103 \u00een func\u021bie de unghiul de vizualizare.<\/span><\/span> <span class=\"jCAhz ChMk0b\"><span class=\"ryNqvb\">Un design inspirat: undeva \u00eentre imprimarea 3D \u0219i structura arhitectural\u0103, straturile noastre ofer\u0103 un efect vizual izbitor.<\/span><\/span> <span class=\"jCAhz ChMk0b\"><span class=\"ryNqvb\">O semn\u0103tur\u0103 artistic\u0103: fiecare model prezint\u0103 un model distinct, de la cel mai structurat la cel mai organic.<\/span><\/span> <span class=\"jCAhz ChMk0b\"><span class=\"ryNqvb\">Un dialog \u00eentre material \u0219i lumin\u0103: relieful lateralelor capteaz\u0103 lumina diferit \u00een func\u021bie de mediu.<\/span><\/span><\/span><\/p>\n<p><img decoding=\"async\" class=\"aligncenter wp-image-2182 size-large\" src=\"https:\/\/www.zahata.ro\/wp-content\/uploads\/2025\/09\/Screenshot-2025-09-14-at-17.56.21-1024x859.png\" alt=\"\" width=\"1024\" height=\"859\" title=\"\" srcset=\"https:\/\/www.zahata.ro\/wp-content\/uploads\/2025\/09\/Screenshot-2025-09-14-at-17.56.21-1024x859.png 1024w, https:\/\/www.zahata.ro\/wp-content\/uploads\/2025\/09\/Screenshot-2025-09-14-at-17.56.21-300x252.png 300w, https:\/\/www.zahata.ro\/wp-content\/uploads\/2025\/09\/Screenshot-2025-09-14-at-17.56.21-768x644.png 768w, https:\/\/www.zahata.ro\/wp-content\/uploads\/2025\/09\/Screenshot-2025-09-14-at-17.56.21-14x12.png 14w, https:\/\/www.zahata.ro\/wp-content\/uploads\/2025\/09\/Screenshot-2025-09-14-at-17.56.21-600x503.png 600w, https:\/\/www.zahata.ro\/wp-content\/uploads\/2025\/09\/Screenshot-2025-09-14-at-17.56.21.png 1144w\" sizes=\"(max-width: 1024px) 100vw, 1024px\" \/><\/p>\n<p>&nbsp;<\/p>\n<h4 style=\"text-align: center;\"><span class=\"HwtZe\" lang=\"ro\"><span class=\"jCAhz ChMk0b\"><span class=\"ryNqvb\">Alege modelul \u00een func\u021bie de spa\u021biul t\u0103u<\/span><\/span><\/span><\/h4>\n<p><img decoding=\"async\" class=\"aligncenter wp-image-2183 size-large\" src=\"https:\/\/www.zahata.ro\/wp-content\/uploads\/2025\/09\/Screenshot-2025-09-14-at-17.57.24-1024x431.png\" alt=\"\" width=\"1024\" height=\"431\" title=\"\" srcset=\"https:\/\/www.zahata.ro\/wp-content\/uploads\/2025\/09\/Screenshot-2025-09-14-at-17.57.24-1024x431.png 1024w, https:\/\/www.zahata.ro\/wp-content\/uploads\/2025\/09\/Screenshot-2025-09-14-at-17.57.24-300x126.png 300w, https:\/\/www.zahata.ro\/wp-content\/uploads\/2025\/09\/Screenshot-2025-09-14-at-17.57.24-768x323.png 768w, https:\/\/www.zahata.ro\/wp-content\/uploads\/2025\/09\/Screenshot-2025-09-14-at-17.57.24-1536x646.png 1536w, https:\/\/www.zahata.ro\/wp-content\/uploads\/2025\/09\/Screenshot-2025-09-14-at-17.57.24-18x8.png 18w, https:\/\/www.zahata.ro\/wp-content\/uploads\/2025\/09\/Screenshot-2025-09-14-at-17.57.24-600x252.png 600w, https:\/\/www.zahata.ro\/wp-content\/uploads\/2025\/09\/Screenshot-2025-09-14-at-17.57.24.png 1636w\" sizes=\"(max-width: 1024px) 100vw, 1024px\" \/><\/p>\n<h4 style=\"text-align: center;\"><span class=\"HwtZe\" lang=\"ro\"><span class=\"jCAhz ChMk0b\"><span class=\"ryNqvb\">Alege finisajul semineului tau<\/span><\/span><\/span><\/h4>\n<p><img loading=\"lazy\" decoding=\"async\" class=\"aligncenter wp-image-2186 size-large\" src=\"https:\/\/www.zahata.ro\/wp-content\/uploads\/2025\/09\/Screenshot-2025-09-14-at-18.25.50-1024x305.png\" alt=\"\" width=\"1024\" height=\"305\" title=\"\" srcset=\"https:\/\/www.zahata.ro\/wp-content\/uploads\/2025\/09\/Screenshot-2025-09-14-at-18.25.50-1024x305.png 1024w, https:\/\/www.zahata.ro\/wp-content\/uploads\/2025\/09\/Screenshot-2025-09-14-at-18.25.50-300x89.png 300w, https:\/\/www.zahata.ro\/wp-content\/uploads\/2025\/09\/Screenshot-2025-09-14-at-18.25.50-768x228.png 768w, https:\/\/www.zahata.ro\/wp-content\/uploads\/2025\/09\/Screenshot-2025-09-14-at-18.25.50-1536x457.png 1536w, https:\/\/www.zahata.ro\/wp-content\/uploads\/2025\/09\/Screenshot-2025-09-14-at-18.25.50-2048x609.png 2048w, https:\/\/www.zahata.ro\/wp-content\/uploads\/2025\/09\/Screenshot-2025-09-14-at-18.25.50-18x5.png 18w, https:\/\/www.zahata.ro\/wp-content\/uploads\/2025\/09\/Screenshot-2025-09-14-at-18.25.50-600x178.png 600w\" sizes=\"(max-width: 1024px) 100vw, 1024px\" \/><\/p>\n<h4 style=\"text-align: center;\"><span class=\"HwtZe\" lang=\"ro\"><span class=\"jCAhz ChMk0b\"><span class=\"ryNqvb\">Finaliza\u021bi cu o culoare perfect\u0103<\/span><\/span><\/span><\/h4>\n<p><img loading=\"lazy\" decoding=\"async\" class=\"aligncenter wp-image-2184 size-large\" src=\"https:\/\/www.zahata.ro\/wp-content\/uploads\/2025\/09\/Screenshot-2025-09-14-at-17.58.03-1024x641.png\" alt=\"\" width=\"1024\" height=\"641\" title=\"\" srcset=\"https:\/\/www.zahata.ro\/wp-content\/uploads\/2025\/09\/Screenshot-2025-09-14-at-17.58.03-1024x641.png 1024w, https:\/\/www.zahata.ro\/wp-content\/uploads\/2025\/09\/Screenshot-2025-09-14-at-17.58.03-300x188.png 300w, https:\/\/www.zahata.ro\/wp-content\/uploads\/2025\/09\/Screenshot-2025-09-14-at-17.58.03-768x481.png 768w, https:\/\/www.zahata.ro\/wp-content\/uploads\/2025\/09\/Screenshot-2025-09-14-at-17.58.03-18x12.png 18w, https:\/\/www.zahata.ro\/wp-content\/uploads\/2025\/09\/Screenshot-2025-09-14-at-17.58.03-600x375.png 600w, https:\/\/www.zahata.ro\/wp-content\/uploads\/2025\/09\/Screenshot-2025-09-14-at-17.58.03.png 1106w\" sizes=\"(max-width: 1024px) 100vw, 1024px\" \/><\/p>\n<p>View the full range of wood-burning fireplaces at this <a href=\"https:\/\/www.zahata.ro\/en\/product-category\/semineu-pe-lemne\/\">link<\/a>;<\/p>\n<p>For similar products you can also find us at this <a href=\"https:\/\/roterma.ro\/\" target=\"_blank\" rel=\"noopener\">link<\/a>;<\/p>\n<p>&nbsp;<\/p>","protected":false},"excerpt":{"rendered":"<h4>STRATO Compact:<\/h4>\n<ul>\n<li>Stainless steel refractory firebox;<\/li>\n<li>Tertiary air intake;<\/li>\n<li>Fireplace with airtight closure;<\/li>\n<li>Steel layers 5 mm thick;<\/li>\n<li>Interior cladding made of refractory concrete;<\/li>\n<li>Electronics-free design;<\/li>\n<li>Precise combustion control;<\/li>\n<li>Integrated ashtray;<\/li>\n<li>Soft and uniform diffusion;<\/li>\n<li>Two deflectors, one of which is adjustable;<\/li>\n<li>Robax\u00ae ceramic glass;<\/li>\n<li>Clean Glass system;<\/li>\n<li>Smooth closing;<\/li>\n<li>Brushed stainless steel ornaments;<\/li>\n<\/ul>","protected":false},"featured_media":2177,"comment_status":"open","ping_status":"closed","template":"","meta":[],"product_brand":[],"product_cat":[34],"product_tag":[],"class_list":{"0":"post-2174","1":"product","2":"type-product","3":"status-publish","4":"has-post-thumbnail","6":"product_cat-semineu-pe-lemne","7":"it-has-gallery","9":"first","10":"instock","11":"shipping-taxable","12":"purchasable","13":"product-type-easy_product_bundle"},"_links":{"self":[{"href":"https:\/\/www.zahata.ro\/en\/wp-json\/wp\/v2\/product\/2174","targetHints":{"allow":["GET"]}}],"collection":[{"href":"https:\/\/www.zahata.ro\/en\/wp-json\/wp\/v2\/product"}],"about":[{"href":"https:\/\/www.zahata.ro\/en\/wp-json\/wp\/v2\/types\/product"}],"replies":[{"embeddable":true,"href":"https:\/\/www.zahata.ro\/en\/wp-json\/wp\/v2\/comments?post=2174"}],"wp:featuredmedia":[{"embeddable":true,"href":"https:\/\/www.zahata.ro\/en\/wp-json\/wp\/v2\/media\/2177"}],"wp:attachment":[{"href":"https:\/\/www.zahata.ro\/en\/wp-json\/wp\/v2\/media?parent=2174"}],"wp:term":[{"taxonomy":"product_brand","embeddable":true,"href":"https:\/\/www.zahata.ro\/en\/wp-json\/wp\/v2\/product_brand?post=2174"},{"taxonomy":"product_cat","embeddable":true,"href":"https:\/\/www.zahata.ro\/en\/wp-json\/wp\/v2\/product_cat?post=2174"},{"taxonomy":"product_tag","embeddable":true,"href":"https:\/\/www.zahata.ro\/en\/wp-json\/wp\/v2\/product_tag?post=2174"}],"curies":[{"name":"wp","href":"https:\/\/api.w.org\/{rel}","templated":true}]}}